{"id":2799,"date":"2016-10-23T20:20:37","date_gmt":"2016-10-23T20:20:37","guid":{"rendered":"https:\/\/gyldenlykke.wordpress.com\/hva-har-vi-fatt-til\/"},"modified":"2020-02-27T11:26:01","modified_gmt":"2020-02-27T10:26:01","slug":"hva-har-vi-fatt-til","status":"publish","type":"page","link":"https:\/\/prima.sysrq.info\/index.php\/hva-har-vi-fatt-til\/","title":{"rendered":"Hva har vi f\u00e5tt til?"},"content":{"rendered":"<p>Etter fire kurs klarte vi bronsemerket:<br \/>\n1 juni 2015<br \/>\n1.plass med bronsemerke med 166 poeng.<\/p>\n<p><strong>LP kl 1<\/strong><br \/>\n1. oktober 2015 6.plass av 8. 138,5 poeng( sto over fellesdekken)Dommer Per Eigil Gylland(S\u00f8rlandets Hundehall)<br \/>\n21. mai 2016 1. av 7 med 177 poeng. Dommer Terje Haugen(Hove Leirsenter)<br \/>\n3.september 2016 2. av 11 med 179,5 poeng. Dommer Trond Morten Teigen(Krager\u00f8)<br \/>\n22.september 2016 1 av 17 med 182 poeng. Dommer Terje Haugen( Kristiansand)<br \/>\nHar n\u00e5 tre napp til kl 2, og g\u00e5r videre til kl 2 og de nye reglene<br \/>\n<a href=\"https:\/\/gyldenlykke.files.wordpress.com\/2016\/04\/img_4908-e1479206241377.jpg\"><img loading=\"lazy\" decoding=\"async\" class=\"alignnone wp-image-1830 size-full\" src=\"http:\/\/prima.sysrq.info\/wp-content\/uploads\/2016\/04\/img_4908-e1479206241377.jpg\" alt=\"IMG_4908\" width=\"1920\" height=\"1291\" \/><\/a>\u00c5rets LP hund kl 1 2016 i Norsk retrieverklubb avd Agder<\/p>\n<p>1.plass i S\u00f8rlandsapellen kl 1 2016<\/p>\n<p>LpCup Vinter 3 plass totalt i kl 1 2015<\/p>\n<p>Lp cup Sommer kl 1 vinner 2016<\/p>\n<p>LpCup Vinter kl 1 Vinner 2016<\/p>\n<p><strong>LP 2<\/strong><\/p>\n<p>12 august 2017\u00a0\u00a0\u00a0 Nr 1 av 1 med 171,5 p. Dommer Terje Haugen(Vennesla)<\/p>\n<p>28 august 2017 nr 1 av 4 med 172,5 p. Dommer Arild Berntsen(Hove)<\/p>\n<p>2 september 2017 nr 2 av 6 med 174,5 p.Dommer Trond Morten Teigen( Krager\u00f8)<\/p>\n<p>\u00c5rets LP hund kl 2 i 2017 i Norsk retrieverklubb Agder<\/p>\n<p><img loading=\"lazy\" decoding=\"async\" class=\"alignnone wp-image-3496 size-full\" src=\"http:\/\/prima.sysrq.info\/wp-content\/uploads\/2016\/10\/18881965_1830850443900698_942961793000202994_n.jpg\" alt=\"\" width=\"640\" height=\"960\" srcset=\"https:\/\/prima.sysrq.info\/wp-content\/uploads\/2016\/10\/18881965_1830850443900698_942961793000202994_n.jpg 640w, https:\/\/prima.sysrq.info\/wp-content\/uploads\/2016\/10\/18881965_1830850443900698_942961793000202994_n-100x150.jpg 100w, https:\/\/prima.sysrq.info\/wp-content\/uploads\/2016\/10\/18881965_1830850443900698_942961793000202994_n-200x300.jpg 200w\" sizes=\"auto, (max-width: 640px) 100vw, 640px\" \/><\/p>\n<p>Vant klubbmesterskapet i kl 2. Dommer Terje Haugen<\/p>\n<p>3. beste retrievermesterskapet kl 2 i 2017<\/p>\n<p>N\u00e5 f\u00e5r vi pr\u00f8ve \u00e5 trene inn kl 3<\/p>\n<p><strong>KLASSSE 3<\/strong><\/p>\n<p>Klubbmester uoffiselt i kl 3. Dommer: Trond Morten Teigen<\/p>\n<p>24 august 2019 kl 3 nr 2 med 219 poeng. Dommer: Arild Djupvik<\/p>\n<p>Agdermester 2019 kl 3<\/p>\n<p><img loading=\"lazy\" decoding=\"async\" class=\"alignnone wp-image-2927 size-full\" src=\"http:\/\/prima.sysrq.info\/wp-content\/uploads\/2016\/11\/14241452_1671311149854629_1353001839885001334_o.jpg\" alt=\"\" width=\"640\" height=\"960\" srcset=\"https:\/\/prima.sysrq.info\/wp-content\/uploads\/2016\/11\/14241452_1671311149854629_1353001839885001334_o.jpg 640w, https:\/\/prima.sysrq.info\/wp-content\/uploads\/2016\/11\/14241452_1671311149854629_1353001839885001334_o-200x300.jpg 200w\" sizes=\"auto, (max-width: 640px) 100vw, 640px\" \/><\/p>\n<p><strong>Rally:<\/strong><\/p>\n<p>5.september 2015 \u00a0\u00a0\u00a0\u00a0 kl 1\u00a0 nr 3 av 9 med 188 poeng(Horten)<\/p>\n<p>13.februar 2016 \u00a0\u00a0\u00a0\u00a0\u00a0\u00a0\u00a0\u00a0\u00a0\u00a0\u00a0 kl 1 nr 1 av 13 med 200 poeng. Dommer Kari-Anne Overskeid(S\u00f8rlandets hundehall)<\/p>\n<p>14 februar 2016 \u00a0 \u00a0 \u00a0 \u00a0 \u00a0 kl 1. \u00a0 nr 1 av 12 med 200 poeng. Dommer Kari- Anne Overskeid(S\u00f8rlandets Hundehall)<\/p>\n<p>29 april 2016\u00a0\u00a0\u00a0\u00a0\u00a0\u00a0\u00a0\u00a0\u00a0\u00a0\u00a0 DISK (debut i kl 2)<\/p>\n<p>1 mai 2016\u00a0\u00a0\u00a0\u00a0\u00a0\u00a0\u00a0\u00a0\u00a0\u00a0\u00a0\u00a0\u00a0\u00a0 kl 2\u00a0 2. av 19 med 196 poeng. Dommer Crystal Kay( Vennsla)<\/p>\n<p>4. september 2016\u00a0\u00a0 kl 2 nr 2 av 11 med 197 poeng. Dommer Ghita Fossum( Hove Leirsenter)<\/p>\n<p>17. september\u00a0 2016\u00a0 kl 2 nr 1 av 9 med 197 poeng. Maria Lystad Opstad(Vennesla)<\/p>\n<p>18. september 2016 kl 2. nr 3\u00a0 av 8 med 190 poeng. Dommer\u00a0 Maria Lystad Opstad( Vennesla)<\/p>\n<p>\u00c5rets rallyhund i kl 1 i Norsk retrieverklubb avd Agder i 2016<\/p>\n<p>\u00c5rets rallyhund i kl 2 i Norsk retrieverklubb Avd Agder 2016<\/p>\n<p>26. mars 2017 kl 3. nr 3 av 11 med 196 poeng.( og beste retriever i klassen) Dommer Merete Kristensen ( Vennesla)<\/p>\n<p>7.mai 2017 DISK dommer Laijla Lyseggen(Vennesla)<\/p>\n<p>20.mai 2017\u00a0 kl.3 nr 1 av 18 med 196 poeng.Dommer Roger Fredriksen ( B\u00f8)<\/p>\n<p>21.mai 2017 kl.3 nr 1 av 25 med 197 poeng(gullmerke)Dommer Hege Fredriksen (B\u00f8)<\/p>\n<p>3.plass i \u00e5rets retrievermesterskap i rally kl 3 i 2017<\/p>\n<p>\u00c5rets rallyhund i kl 3 i Retrieveklubben avd Agder<\/p>\n<p>2.plass i klubbmesterskapet kl 3<\/p>\n<p>3. februar 2018 Elite nr 4 av 8 med 192 poeng (cert)Dommer M. S. Opstad<\/p>\n<p>4.februar 2018 Elite nr 4 av 7 med 166 poeng. Dommer M.S. Opstad<\/p>\n<p>25. februar 2018 Elite nr 7 av 24 med 195 poeng(cert) Dommer Christine R\u00f8kaas<\/p>\n<p>17.juni 2018 Elite nr 1 av4 med 200 p (Klubbmester) Dommer Trude Aas<\/p>\n<p>26.august 2018 Elite nr 2 av 10 med 195 poeng(cert og championat) Dommer Ghita Fossum<\/p>\n<p><a href=\"https:\/\/gyldenlykke.files.wordpress.com\/2016\/02\/img_4605-e1479207108948.jpg\"><img loading=\"lazy\" decoding=\"async\" class=\"alignnone wp-image-1378 size-full\" src=\"http:\/\/prima.sysrq.info\/wp-content\/uploads\/2016\/02\/img_4605-e1479207108948.jpg\" alt=\"IMG_4605\" width=\"1920\" height=\"2880\" \/><\/a><\/p>\n<p>22 september 2018 Elite nr 1 av 9 198p Vennesla Dommer \u00c5se Hansen<\/p>\n<p>23.september 2018 Elite Disk. Vennesla Dommer \u00c5se Hansen<\/p>\n<p>RLCup Elite 2.plass 2018<\/p>\n<p>5.plass 2018 i NRK&#8217;s retrievermester. 4.beste golden i RL<\/p>\n<p><strong>2019<\/strong><\/p>\n<p>NM haslemoen<\/p>\n<p>7 august 2019 nr 5 med 200p av 63stk. Christine R\u00f8k\u00e5\u00e5s og<\/p>\n<p>8.august 2019 nr 31 med 159 p av 84 stk. 1 plass unna finaleplass.. Dommer:<\/p>\n<p>25 august nr 4 med 195 poeng av 14 stk.Dommer: Christine R\u00f8k\u00e5\u00e5s<\/p>\n<p><strong>2020<\/strong><\/p>\n<p>22.februar nr 9 av 38 med 195p. Dommer Ina Wold Eriksen<\/p>\n<p>23.februar nr 3 av 33 med 200p. Dommer: Hilde Nysether<\/p>\n<p><img loading=\"lazy\" decoding=\"async\" class=\"alignnone wp-image-4500 size-full\" src=\"http:\/\/prima.sysrq.info\/wp-content\/uploads\/2018\/08\/40172005_10160749732205174_6000681800618213376_n.jpg\" alt=\"\" width=\"720\" height=\"960\" srcset=\"https:\/\/prima.sysrq.info\/wp-content\/uploads\/2018\/08\/40172005_10160749732205174_6000681800618213376_n.jpg 720w, https:\/\/prima.sysrq.info\/wp-content\/uploads\/2018\/08\/40172005_10160749732205174_6000681800618213376_n-113x150.jpg 113w, https:\/\/prima.sysrq.info\/wp-content\/uploads\/2018\/08\/40172005_10160749732205174_6000681800618213376_n-225x300.jpg 225w\" sizes=\"auto, (max-width: 720px) 100vw, 720px\" \/><\/p>\n<p>S\u00e5 n\u00e5 er navnet hennes med titler slik:<\/p>\n<p>LP1, LPII, RI,RII, RIII N RLCH\u00a0 Poecilia&#8217;s Pretty in Pink<\/p>\n<p>Utstilling:<\/p>\n<p>18. mars Dommer Hans Rosenberg,\u00a0 G.AK :<\/p>\n<p>feminin tikk, mye god type, ungdommelig utstr\u00e5ling, s\u00f8tt hode og uttrykk, alt for \u00e5pne frembens vinkler, propesjonerlig kropp og ben stamme, bra bakparti, ei komplett i sin pels, savner under ull, r\u00f8r seg med h\u00f8ye tassende fram ben, hennes styrke sitter i hode og uttrykk<\/p>\n<p><img loading=\"lazy\" decoding=\"async\" class=\"alignnone size-full wp-image-3870\" src=\"http:\/\/prima.sysrq.info\/wp-content\/uploads\/2018\/03\/IMG_2565-2.jpg\" alt=\"\" width=\"1920\" height=\"1279\" srcset=\"https:\/\/prima.sysrq.info\/wp-content\/uploads\/2018\/03\/IMG_2565-2.jpg 1920w, https:\/\/prima.sysrq.info\/wp-content\/uploads\/2018\/03\/IMG_2565-2-150x100.jpg 150w, https:\/\/prima.sysrq.info\/wp-content\/uploads\/2018\/03\/IMG_2565-2-300x200.jpg 300w, https:\/\/prima.sysrq.info\/wp-content\/uploads\/2018\/03\/IMG_2565-2-768x512.jpg 768w, https:\/\/prima.sysrq.info\/wp-content\/uploads\/2018\/03\/IMG_2565-2-1501x1000.jpg 1501w, https:\/\/prima.sysrq.info\/wp-content\/uploads\/2018\/03\/IMG_2565-2-1200x799.jpg 1200w\" sizes=\"auto, (max-width: 1920px) 100vw, 1920px\" \/> <img loading=\"lazy\" decoding=\"async\" class=\"alignnone size-full wp-image-3868\" src=\"http:\/\/prima.sysrq.info\/wp-content\/uploads\/2018\/03\/IMG_2529.jpg\" alt=\"\" width=\"1920\" height=\"1280\" srcset=\"https:\/\/prima.sysrq.info\/wp-content\/uploads\/2018\/03\/IMG_2529.jpg 1920w, https:\/\/prima.sysrq.info\/wp-content\/uploads\/2018\/03\/IMG_2529-150x100.jpg 150w, https:\/\/prima.sysrq.info\/wp-content\/uploads\/2018\/03\/IMG_2529-300x200.jpg 300w, https:\/\/prima.sysrq.info\/wp-content\/uploads\/2018\/03\/IMG_2529-768x512.jpg 768w, https:\/\/prima.sysrq.info\/wp-content\/uploads\/2018\/03\/IMG_2529-1501x1001.jpg 1501w, https:\/\/prima.sysrq.info\/wp-content\/uploads\/2018\/03\/IMG_2529-1200x800.jpg 1200w\" sizes=\"auto, (max-width: 1920px) 100vw, 1920px\" \/><\/p>\n<p>17. mars Dommer R\u00f8lles. Lena Cathrine G.AK:<\/p>\n<p>4 \u00e5r av god type. Feminint hode. Noe fremskutt skulder, og steil overarm.Sterk rygg, meget god benstamme, aning flate poter, kunne \u00f8nske mer tyngde i kroppen.Tilstrekklig vinklet bak, ikke i beste pels for dagen. Beveger seg effektivt fra alle hold.Herlig temperament, supert fremvist.<\/p>\n<p><img decoding=\"async\" class=\"spotlight\" src=\"https:\/\/scontent-arn2-1.xx.fbcdn.net\/v\/t1.0-9\/29261473_10160108229215164_7318361583594242048_n.jpg?_nc_cat=104&amp;_nc_ht=scontent-arn2-1.xx&amp;oh=a58d29b4d9cdf95540de4f422fd5d72f&amp;oe=5CAC1233\" alt=\"Ingen automatisk alternativ tekst tilgjengelig.\" aria-busy=\"true\" \/><\/p>\n","protected":false},"excerpt":{"rendered":"<p>Etter fire kurs klarte vi bronsemerket: 1 juni 2015 1.plass med bronsemerke med 166 poeng. LP kl 1 1. oktober 2015 6.plass av 8. 138,5 poeng( sto over fellesdekken)Dommer Per Eigil Gylland(S\u00f8rlandets Hundehall) 21. mai 2016 1. av 7 med 177 poeng. Dommer Terje Haugen(Hove Leirsenter) 3.september 2016 2. av 11 med 179,5 poeng. Dommer &hellip; <a href=\"https:\/\/prima.sysrq.info\/index.php\/hva-har-vi-fatt-til\/\" class=\"more-link\">Fortsett \u00e5 lese <span class=\"screen-reader-text\">Hva har vi f\u00e5tt til?<\/span> <span class=\"meta-nav\">&rarr;<\/span><\/a><\/p>\n","protected":false},"author":2,"featured_media":0,"parent":0,"menu_order":0,"comment_status":"closed","ping_status":"closed","template":"","meta":{"footnotes":""},"class_list":["post-2799","page","type-page","status-publish","hentry"],"_links":{"self":[{"href":"https:\/\/prima.sysrq.info\/index.php\/wp-json\/wp\/v2\/pages\/2799","targetHints":{"allow":["GET"]}}],"collection":[{"href":"https:\/\/prima.sysrq.info\/index.php\/wp-json\/wp\/v2\/pages"}],"about":[{"href":"https:\/\/prima.sysrq.info\/index.php\/wp-json\/wp\/v2\/types\/page"}],"author":[{"embeddable":true,"href":"https:\/\/prima.sysrq.info\/index.php\/wp-json\/wp\/v2\/users\/2"}],"replies":[{"embeddable":true,"href":"https:\/\/prima.sysrq.info\/index.php\/wp-json\/wp\/v2\/comments?post=2799"}],"version-history":[{"count":21,"href":"https:\/\/prima.sysrq.info\/index.php\/wp-json\/wp\/v2\/pages\/2799\/revisions"}],"predecessor-version":[{"id":5989,"href":"https:\/\/prima.sysrq.info\/index.php\/wp-json\/wp\/v2\/pages\/2799\/revisions\/5989"}],"wp:attachment":[{"href":"https:\/\/prima.sysrq.info\/index.php\/wp-json\/wp\/v2\/media?parent=2799"}],"curies":[{"name":"wp","href":"https:\/\/api.w.org\/{rel}","templated":true}]}}