{"id":3641,"date":"2017-12-10T20:54:28","date_gmt":"2017-12-10T19:54:28","guid":{"rendered":"http:\/\/prima.sysrq.info\/?page_id=3641"},"modified":"2020-08-06T20:07:51","modified_gmt":"2020-08-06T18:07:51","slug":"poecilias-pretty-in-pink","status":"publish","type":"page","link":"https:\/\/prima.sysrq.info\/index.php\/poecilias-pretty-in-pink\/","title":{"rendered":"Poecilia&#8217;s Pretty in Pink"},"content":{"rendered":"<p>Rase: Golden retriever(jaktvarianten)<\/p>\n<p>Mor: Vassruggens \u00c5lga Mildir<\/p>\n<p>Far:<\/p>\n<p><strong><span style=\"font-size: large;\">Dream D&#8217;aspe Et D&#8217;ossau \u00a0(4\/6\/2008-)<\/span><\/strong><\/p>\n<p>S\u00f8sken:<\/p>\n<p>Pocilias Clockwork Orange<\/p>\n<p>Poecilias Sparkling Champagne<\/p>\n<p>Poecilias Brown Sugar<\/p>\n<p>Poecilias Blue Daba De Dabada<\/p>\n<p>Poecilias Fifty Shades of Gray<\/p>\n<p>Vekt:19-20 kg<\/p>\n<p>H\u00f8yde:ca 58<\/p>\n<p>Helse:Meget god<\/p>\n<p>Sykdom\/skader:<\/p>\n<p>\u00d8rebetennelse: Noen f\u00e5 ganger pga bading<\/p>\n<p>Poteskade: sm\u00e5kutt<\/p>\n<p>Muskul\u00e6rt: Har problemer med stramme muskler i bakparten, men med jevnlig trening og fysioterapi g\u00e5r det helt greit.<\/p>\n<p>Vannhale: 1 gang<\/p>\n<p>Mage\/tarm: har hatt tidevis stressmage s\u00e6rlig pga stevner.<\/p>\n<p><img loading=\"lazy\" decoding=\"async\" class=\"alignnone wp-image-3586 size-full\" src=\"http:\/\/prima.sysrq.info\/wp-content\/uploads\/2017\/11\/IMG_0619.jpg\" alt=\"\" width=\"1920\" height=\"1280\" srcset=\"https:\/\/prima.sysrq.info\/wp-content\/uploads\/2017\/11\/IMG_0619.jpg 1920w, https:\/\/prima.sysrq.info\/wp-content\/uploads\/2017\/11\/IMG_0619-150x100.jpg 150w, https:\/\/prima.sysrq.info\/wp-content\/uploads\/2017\/11\/IMG_0619-300x200.jpg 300w, https:\/\/prima.sysrq.info\/wp-content\/uploads\/2017\/11\/IMG_0619-768x512.jpg 768w, https:\/\/prima.sysrq.info\/wp-content\/uploads\/2017\/11\/IMG_0619-1501x1001.jpg 1501w, https:\/\/prima.sysrq.info\/wp-content\/uploads\/2017\/11\/IMG_0619-1200x800.jpg 1200w\" sizes=\"auto, (max-width: 1920px) 100vw, 1920px\" \/><\/p>\n","protected":false},"excerpt":{"rendered":"<p>Rase: Golden retriever(jaktvarianten) Mor: Vassruggens \u00c5lga Mildir Far: Dream D&#8217;aspe Et D&#8217;ossau \u00a0(4\/6\/2008-) S\u00f8sken: Pocilias Clockwork Orange Poecilias Sparkling Champagne Poecilias Brown Sugar Poecilias Blue Daba De Dabada Poecilias Fifty Shades of Gray Vekt:19-20 kg H\u00f8yde:ca 58 Helse:Meget god Sykdom\/skader: \u00d8rebetennelse: Noen f\u00e5 ganger pga bading Poteskade: sm\u00e5kutt Muskul\u00e6rt: Har problemer med stramme muskler i &hellip; <a href=\"https:\/\/prima.sysrq.info\/index.php\/poecilias-pretty-in-pink\/\" class=\"more-link\">Fortsett \u00e5 lese <span class=\"screen-reader-text\">Poecilia&#8217;s Pretty in Pink<\/span> <span class=\"meta-nav\">&rarr;<\/span><\/a><\/p>\n","protected":false},"author":2,"featured_media":0,"parent":0,"menu_order":0,"comment_status":"closed","ping_status":"closed","template":"","meta":{"footnotes":""},"class_list":["post-3641","page","type-page","status-publish","hentry"],"_links":{"self":[{"href":"https:\/\/prima.sysrq.info\/index.php\/wp-json\/wp\/v2\/pages\/3641","targetHints":{"allow":["GET"]}}],"collection":[{"href":"https:\/\/prima.sysrq.info\/index.php\/wp-json\/wp\/v2\/pages"}],"about":[{"href":"https:\/\/prima.sysrq.info\/index.php\/wp-json\/wp\/v2\/types\/page"}],"author":[{"embeddable":true,"href":"https:\/\/prima.sysrq.info\/index.php\/wp-json\/wp\/v2\/users\/2"}],"replies":[{"embeddable":true,"href":"https:\/\/prima.sysrq.info\/index.php\/wp-json\/wp\/v2\/comments?post=3641"}],"version-history":[{"count":3,"href":"https:\/\/prima.sysrq.info\/index.php\/wp-json\/wp\/v2\/pages\/3641\/revisions"}],"predecessor-version":[{"id":6267,"href":"https:\/\/prima.sysrq.info\/index.php\/wp-json\/wp\/v2\/pages\/3641\/revisions\/6267"}],"wp:attachment":[{"href":"https:\/\/prima.sysrq.info\/index.php\/wp-json\/wp\/v2\/media?parent=3641"}],"curies":[{"name":"wp","href":"https:\/\/api.w.org\/{rel}","templated":true}]}}