{"id":89,"date":"2014-01-16T10:41:30","date_gmt":"2014-01-16T10:41:30","guid":{"rendered":"http:\/\/gyldenlykke.wordpress.com\/?page_id=89"},"modified":"2014-01-16T10:41:30","modified_gmt":"2014-01-16T10:41:30","slug":"bilder","status":"publish","type":"page","link":"https:\/\/prima.sysrq.info\/index.php\/bilder\/","title":{"rendered":"Bilder"},"content":{"rendered":"<p>Her legger jeg ut et lite knippe bilder av Prima etter hvert som hun vokser og forandrer seg.<\/p>\n<p><a href=\"http:\/\/s1365.photobucket.com\/user\/debej\/media\/2013\/1233421_10201215086756943_996938394_ntispehode_zps25b1eba4.jpg.html\" target=\"_blank\"><img decoding=\"async\" src=\"http:\/\/i1365.photobucket.com\/albums\/r756\/debej\/2013\/1233421_10201215086756943_996938394_ntispehode_zps25b1eba4.jpg\" border=\"0\" alt=\" photo 1233421_10201215086756943_996938394_ntispehode_zps25b1eba4.jpg\" \/><\/a><br \/>\nDet aller f\u00f8rste bildet vi fikk av valpene, aner ikke hvem det er.<br \/>\n<a href=\"http:\/\/s1365.photobucket.com\/user\/debej\/media\/2013\/sistebildezsverigevalper4uker202_zpsf50aef21.jpg.html\" target=\"_blank\"><img decoding=\"async\" src=\"http:\/\/i1365.photobucket.com\/albums\/r756\/debej\/2013\/sistebildezsverigevalper4uker202_zpsf50aef21.jpg\" border=\"0\" alt=\" photo sistebildezsverigevalper4uker202_zpsf50aef21.jpg\" \/><\/a><\/p>\n<p><a href=\"http:\/\/s1365.photobucket.com\/user\/debej\/media\/2013\/sistebildezsverigevalper4uker161_zps5ad35502.jpg.html\" target=\"_blank\"><img decoding=\"async\" src=\"http:\/\/i1365.photobucket.com\/albums\/r756\/debej\/2013\/sistebildezsverigevalper4uker161_zps5ad35502.jpg\" border=\"0\" alt=\" photo sistebildezsverigevalper4uker161_zps5ad35502.jpg\" \/><\/a><br \/>\n<a href=\"http:\/\/prima.sysrq.info\/wp-content\/uploads\/2013\/10\/cropped-sistebildezsverige-valper-4-uker-470.jpg\"><img loading=\"lazy\" decoding=\"async\" src=\"http:\/\/prima.sysrq.info\/wp-content\/uploads\/2013\/10\/cropped-sistebildezsverige-valper-4-uker-470.jpg?w=300\" alt=\"cropped-sistebildezsverige-valper-4-uker-470.jpg\" width=\"300\" height=\"78\" class=\"alignnone size-medium wp-image-5\" \/><\/a><\/p>\n<p><a href=\"http:\/\/s1365.photobucket.com\/user\/debej\/media\/2014\/joytur114009_zps1e8f61fb.jpg.html\" target=\"_blank\"><img decoding=\"async\" src=\"http:\/\/i1365.photobucket.com\/albums\/r756\/debej\/2014\/joytur114009_zps1e8f61fb.jpg\" border=\"0\" alt=\" photo joytur114009_zps1e8f61fb.jpg\" \/><\/a><br \/>\n<a href=\"http:\/\/s1365.photobucket.com\/user\/debej\/media\/2014\/joytur114014_zpsd0184ad6.jpg.html\" target=\"_blank\"><img decoding=\"async\" src=\"http:\/\/i1365.photobucket.com\/albums\/r756\/debej\/2014\/joytur114014_zpsd0184ad6.jpg\" border=\"0\" alt=\" photo joytur114014_zpsd0184ad6.jpg\" \/><\/a><br \/>\n4,5mnd<br \/>\n<a href=\"http:\/\/s1365.photobucket.com\/user\/debej\/media\/2014\/Arilekjandivtur094_zps3eccd187.jpg.html\" target=\"_blank\"><img decoding=\"async\" src=\"http:\/\/i1365.photobucket.com\/albums\/r756\/debej\/2014\/Arilekjandivtur094_zps3eccd187.jpg\" border=\"0\" alt=\" photo Arilekjandivtur094_zps3eccd187.jpg\" \/><\/a><br \/>\nCa 5mnd<br \/>\n<a href=\"http:\/\/s1365.photobucket.com\/user\/debej\/media\/2014\/IMG_3894_zps1c9aa4af.jpg.html\" target=\"_blank\"><img decoding=\"async\" src=\"http:\/\/i1365.photobucket.com\/albums\/r756\/debej\/2014\/IMG_3894_zps1c9aa4af.jpg\" border=\"0\" alt=\" photo IMG_3894_zps1c9aa4af.jpg\" \/><\/a><br \/>\n<a href=\"http:\/\/s1365.photobucket.com\/user\/debej\/media\/2014\/IMG_4350_zps9479fb28.jpg.html\" target=\"_blank\"><img decoding=\"async\" src=\"http:\/\/i1365.photobucket.com\/albums\/r756\/debej\/2014\/IMG_4350_zps9479fb28.jpg\" border=\"0\" alt=\" photo IMG_4350_zps9479fb28.jpg\" \/><\/a><br \/>\nHengslete 6mnd<br \/>\n<a href=\"http:\/\/s1365.photobucket.com\/user\/debej\/media\/2014\/IMG_4941_zps6590cc06.jpg.html\" target=\"_blank\"><img decoding=\"async\" src=\"http:\/\/i1365.photobucket.com\/albums\/r756\/debej\/2014\/IMG_4941_zps6590cc06.jpg\" border=\"0\" alt=\" photo IMG_4941_zps6590cc06.jpg\" \/><\/a><br \/>\nNesten 7 mnd<br \/>\n<a href=\"http:\/\/s1365.photobucket.com\/user\/debej\/media\/2014\/IMG_5526_zpsa078c84d.jpg.html\" target=\"_blank\"><img decoding=\"async\" src=\"http:\/\/i1365.photobucket.com\/albums\/r756\/debej\/2014\/IMG_5526_zpsa078c84d.jpg\" border=\"0\" alt=\" photo IMG_5526_zpsa078c84d.jpg\" \/><\/a><br \/>\n7 mnd og sammen med s\u00f8stra si Bonus<br \/>\n<a href=\"http:\/\/s1365.photobucket.com\/user\/debej\/media\/2014\/IMG_6000_zps770e44ea.jpg.html\" target=\"_blank\"><img decoding=\"async\" src=\"http:\/\/i1365.photobucket.com\/albums\/r756\/debej\/2014\/IMG_6000_zps770e44ea.jpg\" border=\"0\" alt=\" photo IMG_6000_zps770e44ea.jpg\" \/><\/a><br \/>\nLitt over 7 mnd<br \/>\n<a href=\"http:\/\/s1365.photobucket.com\/user\/debej\/media\/2014\/IMG_7038_zpsc6b73233.jpg.html\" target=\"_blank\"><img decoding=\"async\" src=\"http:\/\/i1365.photobucket.com\/albums\/r756\/debej\/2014\/IMG_7038_zpsc6b73233.jpg\" border=\"0\" alt=\" photo IMG_7038_zpsc6b73233.jpg\" \/><\/a><br \/>\n8mnd<br \/>\n<a href=\"http:\/\/s1365.photobucket.com\/user\/debej\/media\/2014\/IMG_7360_zps35954d2d.jpg.html\" target=\"_blank\"><img decoding=\"async\" src=\"http:\/\/i1365.photobucket.com\/albums\/r756\/debej\/2014\/IMG_7360_zps35954d2d.jpg\" border=\"0\" alt=\" photo IMG_7360_zps35954d2d.jpg\" \/><\/a><br \/>\n<a href=\"http:\/\/s1365.photobucket.com\/user\/debej\/media\/2014\/IMG_7307_zpsbae0d7fc.jpg.html\" target=\"_blank\"><img decoding=\"async\" src=\"http:\/\/i1365.photobucket.com\/albums\/r756\/debej\/2014\/IMG_7307_zpsbae0d7fc.jpg\" border=\"0\" alt=\" photo IMG_7307_zpsbae0d7fc.jpg\" \/><\/a><br \/>\n8mnd, 53cm h\u00f8y og 20,5 kg<\/p>\n<p>Her er hun fire uker, og var f\u00f8rste gang jeg s\u00e5 henne. <\/p>\n<p><a href=\"http:\/\/s1365.photobucket.com\/user\/debej\/media\/Poecilias_Pretty_In_Pink_zps6ec5f130.jpg.html\" target=\"_blank\"><img decoding=\"async\" src=\"http:\/\/i1365.photobucket.com\/albums\/r756\/debej\/Poecilias_Pretty_In_Pink_zps6ec5f130.jpg\" border=\"0\" alt=\" photo Poecilias_Pretty_In_Pink_zps6ec5f130.jpg\" \/><\/a><\/p>\n<p>Her er hun 6 uker, og det er blitt bestemt at det er henne som kommer hit, hun har ogs\u00e5 f\u00e5tt navnet  sitt: Poecilia&#8217;s Pretty in Pink- Prima til hverdags<\/p>\n<p><a href=\"http:\/\/s1365.photobucket.com\/user\/debej\/media\/Primadag4-7026_zpsb7493fda.jpg.html\" target=\"_blank\"><img decoding=\"async\" src=\"http:\/\/i1365.photobucket.com\/albums\/r756\/debej\/Primadag4-7026_zpsb7493fda.jpg\" border=\"0\" alt=\" photo Primadag4-7026_zpsb7493fda.jpg\" \/><\/a><br \/>\nDagen vi hentet henne hjem.<br \/>\n<a href=\"http:\/\/s1365.photobucket.com\/user\/debej\/media\/2013\/Primadeallerfoslashrstedagene043_zps2a430896.jpg.html\" target=\"_blank\"><img decoding=\"async\" src=\"http:\/\/i1365.photobucket.com\/albums\/r756\/debej\/2013\/Primadeallerfoslashrstedagene043_zps2a430896.jpg\" border=\"0\" alt=\" photo Primadeallerfoslashrstedagene043_zps2a430896.jpg\" \/><\/a><br \/>\nP\u00e5 vei hjem..<br \/>\n<a href=\"http:\/\/s1365.photobucket.com\/user\/debej\/media\/2013\/Primadeallerfoslashrstedagene060_zps9c16bcd9.jpg.html\" target=\"_blank\"><img decoding=\"async\" src=\"http:\/\/i1365.photobucket.com\/albums\/r756\/debej\/2013\/Primadeallerfoslashrstedagene060_zps9c16bcd9.jpg\" border=\"0\" alt=\" photo Primadeallerfoslashrstedagene060_zps9c16bcd9.jpg\" \/><\/a><\/p>\n<p>9 uker, og er blitt hentet hjem:)<br \/>\n<a href=\"http:\/\/s1365.photobucket.com\/user\/debej\/media\/Primadag4-7091_zps7cd0a107.jpg.html\" target=\"_blank\"><img decoding=\"async\" src=\"http:\/\/i1365.photobucket.com\/albums\/r756\/debej\/Primadag4-7091_zps7cd0a107.jpg\" border=\"0\" alt=\" photo Primadag4-7091_zps7cd0a107.jpg\" \/><\/a><br \/>\nFremdeles 9 uker<\/p>\n<p><a href=\"http:\/\/s1365.photobucket.com\/user\/debej\/media\/Primadag4-7212_zpsf8cadfe8.jpg.html\" target=\"_blank\"><img decoding=\"async\" src=\"http:\/\/i1365.photobucket.com\/albums\/r756\/debej\/Primadag4-7212_zpsf8cadfe8.jpg\" border=\"0\" alt=\" photo Primadag4-7212_zpsf8cadfe8.jpg\" \/><\/a><br \/>\n<a href=\"http:\/\/s1365.photobucket.com\/user\/debej\/media\/2013\/Novalekoghytteturnov13113_zpscd96eade.jpg.html\" target=\"_blank\"><img decoding=\"async\" src=\"http:\/\/i1365.photobucket.com\/albums\/r756\/debej\/2013\/Novalekoghytteturnov13113_zpscd96eade.jpg\" border=\"0\" alt=\" photo Novalekoghytteturnov13113_zpscd96eade.jpg\" \/><\/a><br \/>\nOvenfor er hun 10 uker, og er p\u00e5 hyttetur for f\u00f8rste gang<br \/>\n<a href=\"http:\/\/s1365.photobucket.com\/user\/debej\/media\/2013\/Novalekoghytteturnov13114_zps039d1006.jpg.html\" target=\"_blank\"><img decoding=\"async\" src=\"http:\/\/i1365.photobucket.com\/albums\/r756\/debej\/2013\/Novalekoghytteturnov13114_zps039d1006.jpg\" border=\"0\" alt=\" photo Novalekoghytteturnov13114_zps039d1006.jpg\" \/><\/a><br \/>\nSamme turen<br \/>\n<a href=\"http:\/\/s1365.photobucket.com\/user\/debej\/media\/2013\/november13mobil321_zps3e4ca060.jpg.html\" target=\"_blank\"><img decoding=\"async\" src=\"http:\/\/i1365.photobucket.com\/albums\/r756\/debej\/2013\/november13mobil321_zps3e4ca060.jpg\" border=\"0\" alt=\" photo november13mobil321_zps3e4ca060.jpg\" \/><\/a><br \/>\nBlitt 11 uker, og sekken blir flittig brukt.<br \/>\n<a href=\"http:\/\/s1365.photobucket.com\/user\/debej\/media\/2013\/Aripuddelfoslashrstemoslashte009_zps022d9a21.jpg.html\" target=\"_blank\"><img decoding=\"async\" src=\"http:\/\/i1365.photobucket.com\/albums\/r756\/debej\/2013\/Aripuddelfoslashrstemoslashte009_zps022d9a21.jpg\" border=\"0\" alt=\" photo Aripuddelfoslashrstemoslashte009_zps022d9a21.jpg\" \/><\/a><br \/>\n11 uker med v\u00e5kent blitt<br \/>\n<a href=\"http:\/\/s1365.photobucket.com\/user\/debej\/media\/2013\/Aripuddelfoslashrstemoslashte014_zps93bb3e82.jpg.html\" target=\"_blank\"><img decoding=\"async\" src=\"http:\/\/i1365.photobucket.com\/albums\/r756\/debej\/2013\/Aripuddelfoslashrstemoslashte014_zps93bb3e82.jpg\" border=\"0\" alt=\" photo Aripuddelfoslashrstemoslashte014_zps93bb3e82.jpg\" \/><\/a><br \/>\n11uker og har strekt seg enormt.<br \/>\n<a href=\"http:\/\/s1365.photobucket.com\/user\/debej\/media\/2013\/Aripuddelfoslashrstemoslashte146_zpsc7746797.jpg.html\" target=\"_blank\"><img decoding=\"async\" src=\"http:\/\/i1365.photobucket.com\/albums\/r756\/debej\/2013\/Aripuddelfoslashrstemoslashte146_zpsc7746797.jpg\" border=\"0\" alt=\" photo Aripuddelfoslashrstemoslashte146_zpsc7746797.jpg\" \/><\/a><br \/>\n<a href=\"http:\/\/s1365.photobucket.com\/user\/debej\/media\/2013\/lotusjoygranestua142_zps7a9402dd.jpg.html\" target=\"_blank\"><img decoding=\"async\" src=\"http:\/\/i1365.photobucket.com\/albums\/r756\/debej\/2013\/lotusjoygranestua142_zps7a9402dd.jpg\" border=\"0\" alt=\" photo lotusjoygranestua142_zps7a9402dd.jpg\" \/><\/a><br \/>\nHar s\u00e5 vidt bikket 12 uker alts\u00e5 snart tre mnd.<br \/>\n<a href=\"http:\/\/s1365.photobucket.com\/user\/debej\/media\/2013\/lotusjoygranestua256_zpsca8dfd8f.jpg.html\" target=\"_blank\"><img decoding=\"async\" src=\"http:\/\/i1365.photobucket.com\/albums\/r756\/debej\/2013\/lotusjoygranestua256_zpsca8dfd8f.jpg\" border=\"0\" alt=\" photo lotusjoygranestua256_zpsca8dfd8f.jpg\" \/><\/a><br \/>\n3 mnd blitt, og blitt stor jente<br \/>\n<a href=\"http:\/\/s1365.photobucket.com\/user\/debej\/media\/2013\/divdesember017_zps0dc43d5a.jpg.html\" target=\"_blank\"><img decoding=\"async\" src=\"http:\/\/i1365.photobucket.com\/albums\/r756\/debej\/2013\/divdesember017_zps0dc43d5a.jpg\" border=\"0\" alt=\" photo divdesember017_zps0dc43d5a.jpg\" \/><\/a><br \/>\nNesten 4 mnd. <\/p>\n","protected":false},"excerpt":{"rendered":"<p>Her legger jeg ut et lite knippe bilder av Prima etter hvert som hun vokser og forandrer seg. Det aller f\u00f8rste bildet vi fikk av valpene, aner ikke hvem det er. 4,5mnd Ca 5mnd Hengslete 6mnd Nesten 7 mnd 7 mnd og sammen med s\u00f8stra si Bonus Litt over 7 mnd 8mnd 8mnd, 53cm h\u00f8y &hellip; <a href=\"https:\/\/prima.sysrq.info\/index.php\/bilder\/\" class=\"more-link\">Fortsett \u00e5 lese <span class=\"screen-reader-text\">Bilder<\/span> <span class=\"meta-nav\">&rarr;<\/span><\/a><\/p>\n","protected":false},"author":2,"featured_media":0,"parent":0,"menu_order":0,"comment_status":"open","ping_status":"open","template":"","meta":{"footnotes":""},"class_list":["post-89","page","type-page","status-publish","hentry"],"_links":{"self":[{"href":"https:\/\/prima.sysrq.info\/index.php\/wp-json\/wp\/v2\/pages\/89","targetHints":{"allow":["GET"]}}],"collection":[{"href":"https:\/\/prima.sysrq.info\/index.php\/wp-json\/wp\/v2\/pages"}],"about":[{"href":"https:\/\/prima.sysrq.info\/index.php\/wp-json\/wp\/v2\/types\/page"}],"author":[{"embeddable":true,"href":"https:\/\/prima.sysrq.info\/index.php\/wp-json\/wp\/v2\/users\/2"}],"replies":[{"embeddable":true,"href":"https:\/\/prima.sysrq.info\/index.php\/wp-json\/wp\/v2\/comments?post=89"}],"version-history":[{"count":0,"href":"https:\/\/prima.sysrq.info\/index.php\/wp-json\/wp\/v2\/pages\/89\/revisions"}],"wp:attachment":[{"href":"https:\/\/prima.sysrq.info\/index.php\/wp-json\/wp\/v2\/media?parent=89"}],"curies":[{"name":"wp","href":"https:\/\/api.w.org\/{rel}","templated":true}]}}